{"id":11,"date":"2015-06-25T03:48:53","date_gmt":"2015-06-25T03:48:53","guid":{"rendered":"http:\/\/dkorefloristeria.com\/new\/?page_id=11"},"modified":"2016-08-29T13:12:44","modified_gmt":"2016-08-29T19:12:44","slug":"eventos-corporativos","status":"publish","type":"page","link":"https:\/\/dkorefloristeria.com\/new\/eventos-corporativos\/","title":{"rendered":"Corporativos"},"content":{"rendered":"<p><span lang=\"ES-MX\">Las empresas por lo general en sus aniversarios, lanzamientos de productos o fiestas necesitan ambientar sus celebraciones. D\u2019Kore Florister\u00eda tiene la soluci\u00f3n, por m\u00e1s sencilla que sea la celebraci\u00f3n no debemos olvidar los detalles y la magia de un evento; sus invitados lo apreciar\u00e1n y la transformaci\u00f3n de un espacio con estilo siempre dar\u00e1 muy bien de qu\u00e9 hablar sobre la empresa.<\/span><\/p>\n<p><span lang=\"ES-MX\">Si est\u00e1n pr\u00f3ximos a planificar un evento para su empresa, cont\u00e1ctenos D\u2019Kore Florister\u00eda puede ayudarle a que su evento sea memorable!<\/span><\/p>\n<p>[Not a valid template]<\/p>\n","protected":false},"excerpt":{"rendered":"<p>Las empresas por lo general en sus aniversarios, lanzamientos de productos o fiestas necesitan ambientar sus celebraciones. D\u2019Kore Florister\u00eda tiene la soluci\u00f3n, por m\u00e1s sencilla que sea la celebraci\u00f3n no debemos olvidar los detalles y la magia de un evento; sus invitados lo apreciar\u00e1n y la transformaci\u00f3n de un espacio con estilo siempre dar\u00e1 muy [&hellip;]<\/p>\n","protected":false},"author":1,"featured_media":0,"parent":0,"menu_order":0,"comment_status":"closed","ping_status":"closed","template":"","meta":{"ngg_post_thumbnail":0,"footnotes":""},"class_list":["post-11","page","type-page","status-publish","hentry"],"_links":{"self":[{"href":"https:\/\/dkorefloristeria.com\/new\/wp-json\/wp\/v2\/pages\/11","targetHints":{"allow":["GET"]}}],"collection":[{"href":"https:\/\/dkorefloristeria.com\/new\/wp-json\/wp\/v2\/pages"}],"about":[{"href":"https:\/\/dkorefloristeria.com\/new\/wp-json\/wp\/v2\/types\/page"}],"author":[{"embeddable":true,"href":"https:\/\/dkorefloristeria.com\/new\/wp-json\/wp\/v2\/users\/1"}],"replies":[{"embeddable":true,"href":"https:\/\/dkorefloristeria.com\/new\/wp-json\/wp\/v2\/comments?post=11"}],"version-history":[{"count":5,"href":"https:\/\/dkorefloristeria.com\/new\/wp-json\/wp\/v2\/pages\/11\/revisions"}],"predecessor-version":[{"id":361,"href":"https:\/\/dkorefloristeria.com\/new\/wp-json\/wp\/v2\/pages\/11\/revisions\/361"}],"wp:attachment":[{"href":"https:\/\/dkorefloristeria.com\/new\/wp-json\/wp\/v2\/media?parent=11"}],"curies":[{"name":"wp","href":"https:\/\/api.w.org\/{rel}","templated":true}]}}