{"id":5,"date":"2015-06-25T03:47:30","date_gmt":"2015-06-25T03:47:30","guid":{"rendered":"http:\/\/dkorefloristeria.com\/new\/?page_id=5"},"modified":"2015-07-09T13:56:12","modified_gmt":"2015-07-09T19:56:12","slug":"bodas","status":"publish","type":"page","link":"https:\/\/dkorefloristeria.com\/new\/bodas\/","title":{"rendered":"Bodas"},"content":{"rendered":"<p>&nbsp;<\/p>\n<p>\u00bfSe va a casar y todav\u00eda no han encontrado quien le asesore? No se preocupe, D&#8217;Kore Florister\u00eda le ayudar\u00e1 con las ideas m\u00e1s innovadoras para que este d\u00eda tan especial sea sencillamente espectacular y memorable!<\/p>\n<p>&nbsp;<\/p>\n<table style=\"height: 376px;\" width=\"100%\">\n<tbody>\n<tr>\n<td width=\"100\"><a href=\"http:\/\/dkorefloristeria.com\/new\/2015\/06\/26\/ceremonias\/\"><img loading=\"lazy\" decoding=\"async\" class=\"aligncenter wp-image-368 size-full\" src=\"http:\/\/dkorefloristeria.com\/new\/wp-content\/uploads\/2015\/06\/ceremonias.png\" alt=\"\" width=\"243\" height=\"295\" srcset=\"https:\/\/dkorefloristeria.com\/new\/wp-content\/uploads\/2015\/06\/ceremonias.png 243w, https:\/\/dkorefloristeria.com\/new\/wp-content\/uploads\/2015\/06\/ceremonias-124x150.png 124w\" sizes=\"auto, (max-width: 243px) 100vw, 243px\" \/><\/a><\/td>\n<td width=\"100\"><a href=\"http:\/\/dkorefloristeria.com\/new\/2015\/06\/29\/recepcion\/\"><img loading=\"lazy\" decoding=\"async\" class=\"aligncenter size-full wp-image-372\" src=\"http:\/\/dkorefloristeria.com\/new\/wp-content\/uploads\/2015\/06\/recepci\u00f3n.png\" alt=\"recepci\u00f3n\" width=\"243\" height=\"295\" srcset=\"https:\/\/dkorefloristeria.com\/new\/wp-content\/uploads\/2015\/06\/recepci\u00f3n.png 243w, https:\/\/dkorefloristeria.com\/new\/wp-content\/uploads\/2015\/06\/recepci\u00f3n-124x150.png 124w\" sizes=\"auto, (max-width: 243px) 100vw, 243px\" \/><\/a><\/td>\n<td width=\"100\"><a href=\"http:\/\/dkorefloristeria.com\/new\/2015\/06\/29\/cortejos\/\"><img loading=\"lazy\" decoding=\"async\" class=\"aligncenter wp-image-370 size-full\" src=\"http:\/\/dkorefloristeria.com\/new\/wp-content\/uploads\/2015\/06\/cortejo.png\" alt=\"\" width=\"243\" height=\"295\" srcset=\"https:\/\/dkorefloristeria.com\/new\/wp-content\/uploads\/2015\/06\/cortejo.png 243w, https:\/\/dkorefloristeria.com\/new\/wp-content\/uploads\/2015\/06\/cortejo-124x150.png 124w\" sizes=\"auto, (max-width: 243px) 100vw, 243px\" \/><\/a><\/td>\n<\/tr>\n<\/tbody>\n<\/table>\n<p>&nbsp;<\/p>\n<p>&nbsp;<\/p>\n<p>&nbsp;<\/p>\n","protected":false},"excerpt":{"rendered":"<p>&nbsp; \u00bfSe va a casar y todav\u00eda no han encontrado quien le asesore? No se preocupe, D&#8217;Kore Florister\u00eda le ayudar\u00e1 con las ideas m\u00e1s innovadoras para que este d\u00eda tan especial sea sencillamente espectacular y memorable! &nbsp; &nbsp; &nbsp; &nbsp;<\/p>\n","protected":false},"author":1,"featured_media":0,"parent":0,"menu_order":0,"comment_status":"closed","ping_status":"closed","template":"","meta":{"ngg_post_thumbnail":0,"footnotes":""},"class_list":["post-5","page","type-page","status-publish","hentry"],"_links":{"self":[{"href":"https:\/\/dkorefloristeria.com\/new\/wp-json\/wp\/v2\/pages\/5","targetHints":{"allow":["GET"]}}],"collection":[{"href":"https:\/\/dkorefloristeria.com\/new\/wp-json\/wp\/v2\/pages"}],"about":[{"href":"https:\/\/dkorefloristeria.com\/new\/wp-json\/wp\/v2\/types\/page"}],"author":[{"embeddable":true,"href":"https:\/\/dkorefloristeria.com\/new\/wp-json\/wp\/v2\/users\/1"}],"replies":[{"embeddable":true,"href":"https:\/\/dkorefloristeria.com\/new\/wp-json\/wp\/v2\/comments?post=5"}],"version-history":[{"count":25,"href":"https:\/\/dkorefloristeria.com\/new\/wp-json\/wp\/v2\/pages\/5\/revisions"}],"predecessor-version":[{"id":375,"href":"https:\/\/dkorefloristeria.com\/new\/wp-json\/wp\/v2\/pages\/5\/revisions\/375"}],"wp:attachment":[{"href":"https:\/\/dkorefloristeria.com\/new\/wp-json\/wp\/v2\/media?parent=5"}],"curies":[{"name":"wp","href":"https:\/\/api.w.org\/{rel}","templated":true}]}}