{"id":7,"date":"2015-06-25T03:48:09","date_gmt":"2015-06-25T03:48:09","guid":{"rendered":"http:\/\/dkorefloristeria.com\/new\/?page_id=7"},"modified":"2015-07-07T19:49:17","modified_gmt":"2015-07-08T01:49:17","slug":"toda-ocasion","status":"publish","type":"page","link":"https:\/\/dkorefloristeria.com\/new\/toda-ocasion\/","title":{"rendered":"Toda Ocasi\u00f3n"},"content":{"rendered":"<p>Para un cumplea\u00f1os, un aniversario, un nacimiento, el d\u00eda de San Valent\u00edn o cualquier otra fecha especial, regalar flores representa el obsequio mas tradicional y detallista que solo D&#8217;Kore Florister\u00eda lo hace realidad<\/p>\n<p>Para cada ocasi\u00f3n especial, D&#8217;Kore Florister\u00eda cuenta con una amplia variedad de productos para homenajear con un bello presente a esa persona tan importante en su vida.<\/p>\n<p>[Not a valid template]<\/p>\n","protected":false},"excerpt":{"rendered":"<p>Para un cumplea\u00f1os, un aniversario, un nacimiento, el d\u00eda de San Valent\u00edn o cualquier otra fecha especial, regalar flores representa el obsequio mas tradicional y detallista que solo D&#8217;Kore Florister\u00eda lo hace realidad Para cada ocasi\u00f3n especial, D&#8217;Kore Florister\u00eda cuenta con una amplia variedad de productos para homenajear con un bello presente a esa persona [&hellip;]<\/p>\n","protected":false},"author":1,"featured_media":0,"parent":0,"menu_order":0,"comment_status":"closed","ping_status":"closed","template":"","meta":{"ngg_post_thumbnail":0,"footnotes":""},"class_list":["post-7","page","type-page","status-publish","hentry"],"_links":{"self":[{"href":"https:\/\/dkorefloristeria.com\/new\/wp-json\/wp\/v2\/pages\/7","targetHints":{"allow":["GET"]}}],"collection":[{"href":"https:\/\/dkorefloristeria.com\/new\/wp-json\/wp\/v2\/pages"}],"about":[{"href":"https:\/\/dkorefloristeria.com\/new\/wp-json\/wp\/v2\/types\/page"}],"author":[{"embeddable":true,"href":"https:\/\/dkorefloristeria.com\/new\/wp-json\/wp\/v2\/users\/1"}],"replies":[{"embeddable":true,"href":"https:\/\/dkorefloristeria.com\/new\/wp-json\/wp\/v2\/comments?post=7"}],"version-history":[{"count":3,"href":"https:\/\/dkorefloristeria.com\/new\/wp-json\/wp\/v2\/pages\/7\/revisions"}],"predecessor-version":[{"id":195,"href":"https:\/\/dkorefloristeria.com\/new\/wp-json\/wp\/v2\/pages\/7\/revisions\/195"}],"wp:attachment":[{"href":"https:\/\/dkorefloristeria.com\/new\/wp-json\/wp\/v2\/media?parent=7"}],"curies":[{"name":"wp","href":"https:\/\/api.w.org\/{rel}","templated":true}]}}